{"id":1134,"date":"2024-01-19T13:18:40","date_gmt":"2024-01-19T13:18:40","guid":{"rendered":"https:\/\/alvarovelho.net\/beaeav\/?page_id=1134"},"modified":"2024-01-19T18:00:44","modified_gmt":"2024-01-19T18:00:44","slug":"servicos","status":"publish","type":"page","link":"https:\/\/alvarovelho.net\/beaeav\/servicos\/","title":{"rendered":"Servi\u00e7os"},"content":{"rendered":"<h2>As bibliotecas disponibilizam :<\/h2>\n<p>&nbsp;<\/p>\n<ul>\n<li>\n<h3>Leitura para as salas de aula e no pr\u00f3prio espa\u00e7o;<\/h3>\n<\/li>\n<li>\n<h3>Empr\u00e9stimos de obras para o domic\u00edlio;<\/h3>\n<\/li>\n<li>\n<h3>Computadores para a realiza\u00e7\u00e3o de atividades orientadas;<\/h3>\n<\/li>\n<li>\n<h3>Jogos did\u00e1ticos;<\/h3>\n<\/li>\n<li>\n<h3>Materiais para ocupa\u00e7\u00e3o do tempo de lazer.<\/h3>\n<\/li>\n<\/ul>\n","protected":false},"excerpt":{"rendered":"<p>As bibliotecas disponibilizam : &nbsp; Leitura para as salas de aula e no pr\u00f3prio espa\u00e7o; Empr\u00e9stimos de obras para o domic\u00edlio; Computadores para a realiza\u00e7\u00e3o de atividades orientadas; Jogos did\u00e1ticos; Materiais para ocupa\u00e7\u00e3o do tempo de lazer.<\/p>\n","protected":false},"author":1,"featured_media":0,"parent":0,"menu_order":0,"comment_status":"closed","ping_status":"closed","template":"","meta":{"footnotes":""},"class_list":["post-1134","page","type-page","status-publish","hentry",""],"_links":{"self":[{"href":"https:\/\/alvarovelho.net\/beaeav\/wp-json\/wp\/v2\/pages\/1134","targetHints":{"allow":["GET"]}}],"collection":[{"href":"https:\/\/alvarovelho.net\/beaeav\/wp-json\/wp\/v2\/pages"}],"about":[{"href":"https:\/\/alvarovelho.net\/beaeav\/wp-json\/wp\/v2\/types\/page"}],"author":[{"embeddable":true,"href":"https:\/\/alvarovelho.net\/beaeav\/wp-json\/wp\/v2\/users\/1"}],"replies":[{"embeddable":true,"href":"https:\/\/alvarovelho.net\/beaeav\/wp-json\/wp\/v2\/comments?post=1134"}],"version-history":[{"count":5,"href":"https:\/\/alvarovelho.net\/beaeav\/wp-json\/wp\/v2\/pages\/1134\/revisions"}],"predecessor-version":[{"id":1149,"href":"https:\/\/alvarovelho.net\/beaeav\/wp-json\/wp\/v2\/pages\/1134\/revisions\/1149"}],"wp:attachment":[{"href":"https:\/\/alvarovelho.net\/beaeav\/wp-json\/wp\/v2\/media?parent=1134"}],"curies":[{"name":"wp","href":"https:\/\/api.w.org\/{rel}","templated":true}]}}