{"id":124,"date":"2021-03-12T15:11:51","date_gmt":"2021-03-12T15:11:51","guid":{"rendered":"https:\/\/alvarovelho.net\/beaeav\/?page_id=124"},"modified":"2024-01-18T22:30:23","modified_gmt":"2024-01-18T22:30:23","slug":"equipa","status":"publish","type":"page","link":"https:\/\/alvarovelho.net\/beaeav\/equipa\/","title":{"rendered":"Apresenta\u00e7\u00e3o"},"content":{"rendered":"\r\n<h2>O Agrupamento de Escolas \u00c1lvaro Velho integra 4 escolas\/ 4 bibliotecas:<\/h2>\r\n<p style=\"text-align: center;\"><strong>EB 2,3 C de \u00c1lvaro Velho<\/strong> &#8211; Escola sede<\/p>\r\n<figure id=\"attachment_1041\" aria-describedby=\"caption-attachment-1041\" style=\"width: 212px\" class=\"wp-caption aligncenter\"><img loading=\"lazy\" decoding=\"async\" class=\"wp-image-1041\" src=\"https:\/\/alvarovelho.net\/beaeav\/wp-content\/uploads\/2024\/01\/Alvaro-Velho-Entrada-200x150.jpg\" alt=\"\u00a0Avenida das Nacionaliza\u00e7\u00f5es, 2835-389 Lavradio\" width=\"212\" height=\"159\" srcset=\"https:\/\/alvarovelho.net\/beaeav\/wp-content\/uploads\/2024\/01\/Alvaro-Velho-Entrada-200x150.jpg 200w, https:\/\/alvarovelho.net\/beaeav\/wp-content\/uploads\/2024\/01\/Alvaro-Velho-Entrada-640x480.jpg 640w, https:\/\/alvarovelho.net\/beaeav\/wp-content\/uploads\/2024\/01\/Alvaro-Velho-Entrada-768x576.jpg 768w, https:\/\/alvarovelho.net\/beaeav\/wp-content\/uploads\/2024\/01\/Alvaro-Velho-Entrada-1170x878.jpg 1170w, https:\/\/alvarovelho.net\/beaeav\/wp-content\/uploads\/2024\/01\/Alvaro-Velho-Entrada.jpg 1280w\" sizes=\"auto, (max-width: 212px) 100vw, 212px\" \/><figcaption id=\"caption-attachment-1041\" class=\"wp-caption-text\">Avenida das Nacionaliza\u00e7\u00f5es, 2835-389 Lavradio<\/figcaption><\/figure>\r\n<figure id=\"attachment_1048\" aria-describedby=\"caption-attachment-1048\" style=\"width: 279px\" class=\"wp-caption aligncenter\"><img loading=\"lazy\" decoding=\"async\" class=\"wp-image-1048\" src=\"https:\/\/alvarovelho.net\/beaeav\/wp-content\/uploads\/2024\/01\/Localizacao-AV-1-200x112.jpg\" alt=\"Telefone: 212059 230\" width=\"279\" height=\"156\" srcset=\"https:\/\/alvarovelho.net\/beaeav\/wp-content\/uploads\/2024\/01\/Localizacao-AV-1-200x112.jpg 200w, https:\/\/alvarovelho.net\/beaeav\/wp-content\/uploads\/2024\/01\/Localizacao-AV-1.jpg 435w\" sizes=\"auto, (max-width: 279px) 100vw, 279px\" \/><figcaption id=\"caption-attachment-1048\" class=\"wp-caption-text\">Telefone: 212059 230<\/figcaption><\/figure>\r\n<p style=\"text-align: right;\">\u00a0 \u00a0 \u00a0<strong>EB 1\/JI N.\u00ba1 do Lavradio \u00a0<\/strong><strong>\u00a0 \u00a0 \u00a0 \u00a0<\/strong><strong>\u00a0 \u00a0 \u00a0 \u00a0 \u00a0 \u00a0 \u00a0 \u00a0 \u00a0 \u00a0 \u00a0 \u00a0 \u00a0 \u00a0 \u00a0 \u00a0 \u00a0 \u00a0 \u00a0 \u00a0 \u00a0 \u00a0 \u00a0 \u00a0 \u00a0 \u00a0 \u00a0 \u00a0 \u00a0 \u00a0 \u00a0 \u00a0 \u00a0 \u00a0 \u00a0 \u00a0 \u00a0 \u00a0 \u00a0 \u00a0 \u00a0 \u00a0 \u00a0 \u00a0 \u00a0 \u00a0 \u00a0 \u00a0 \u00a0 \u00a0 \u00a0 \u00a0 \u00a0 \u00a0 \u00a0 \u00a0 \u00a0\u00a0<\/strong><\/p>\r\n<figure id=\"attachment_1042\" aria-describedby=\"caption-attachment-1042\" style=\"width: 316px\" class=\"wp-caption aligncenter\"><img loading=\"lazy\" decoding=\"async\" class=\"wp-image-1042\" src=\"https:\/\/alvarovelho.net\/beaeav\/wp-content\/uploads\/2024\/01\/EB1-N-1do-Lavradio-200x55.jpg\" alt=\"Rua Silva Cristino, 2835-450 Lavradio\u00a0\" width=\"316\" height=\"87\" srcset=\"https:\/\/alvarovelho.net\/beaeav\/wp-content\/uploads\/2024\/01\/EB1-N-1do-Lavradio-200x55.jpg 200w, https:\/\/alvarovelho.net\/beaeav\/wp-content\/uploads\/2024\/01\/EB1-N-1do-Lavradio-640x176.jpg 640w, https:\/\/alvarovelho.net\/beaeav\/wp-content\/uploads\/2024\/01\/EB1-N-1do-Lavradio-768x211.jpg 768w, https:\/\/alvarovelho.net\/beaeav\/wp-content\/uploads\/2024\/01\/EB1-N-1do-Lavradio-1536x422.jpg 1536w, https:\/\/alvarovelho.net\/beaeav\/wp-content\/uploads\/2024\/01\/EB1-N-1do-Lavradio-2048x563.jpg 2048w, https:\/\/alvarovelho.net\/beaeav\/wp-content\/uploads\/2024\/01\/EB1-N-1do-Lavradio-1170x322.jpg 1170w\" sizes=\"auto, (max-width: 316px) 100vw, 316px\" \/><figcaption id=\"caption-attachment-1042\" class=\"wp-caption-text\">Rua Silva Cristino, 2835-450 Lavradio<\/figcaption><\/figure>\r\n<figure id=\"attachment_1049\" aria-describedby=\"caption-attachment-1049\" style=\"width: 237px\" class=\"wp-caption aligncenter\"><img loading=\"lazy\" decoding=\"async\" class=\"wp-image-1049\" src=\"https:\/\/alvarovelho.net\/beaeav\/wp-content\/uploads\/2024\/01\/Localizacao-EB-N-1-200x135.jpg\" alt=\"Telefone: 212 045 029\" width=\"237\" height=\"160\" srcset=\"https:\/\/alvarovelho.net\/beaeav\/wp-content\/uploads\/2024\/01\/Localizacao-EB-N-1-200x135.jpg 200w, https:\/\/alvarovelho.net\/beaeav\/wp-content\/uploads\/2024\/01\/Localizacao-EB-N-1.jpg 346w\" sizes=\"auto, (max-width: 237px) 100vw, 237px\" \/><figcaption id=\"caption-attachment-1049\" class=\"wp-caption-text\">Telefone: 212 045 029<\/figcaption><\/figure>\r\n<p style=\"text-align: center;\"><strong>EB1 \/JIN.\u00ba 2 do Lavradio\u00a0 \u00a0<\/strong> \u00a0<\/p>\r\n<figure id=\"attachment_1043\" aria-describedby=\"caption-attachment-1043\" style=\"width: 267px\" class=\"wp-caption aligncenter\"><img loading=\"lazy\" decoding=\"async\" class=\"wp-image-1043\" src=\"https:\/\/alvarovelho.net\/beaeav\/wp-content\/uploads\/2024\/01\/EB-1-N-2-do-Lavradio-200x150.jpg\" alt=\"\u00a0Urbaniza\u00e7\u00e3o Quinta dos Loios, 2835-440 Lavradio\" width=\"267\" height=\"200\" srcset=\"https:\/\/alvarovelho.net\/beaeav\/wp-content\/uploads\/2024\/01\/EB-1-N-2-do-Lavradio-200x150.jpg 200w, https:\/\/alvarovelho.net\/beaeav\/wp-content\/uploads\/2024\/01\/EB-1-N-2-do-Lavradio.jpg 480w\" sizes=\"auto, (max-width: 267px) 100vw, 267px\" \/><figcaption id=\"caption-attachment-1043\" class=\"wp-caption-text\">Urbaniza\u00e7\u00e3o Quinta dos Loios, 2835-440 Lavradio<\/figcaption><\/figure>\r\n<figure id=\"attachment_1050\" aria-describedby=\"caption-attachment-1050\" style=\"width: 240px\" class=\"wp-caption aligncenter\"><img loading=\"lazy\" decoding=\"async\" class=\"wp-image-1050 \" src=\"https:\/\/alvarovelho.net\/beaeav\/wp-content\/uploads\/2024\/01\/Localizacao-EB-N2-200x173.jpg\" alt=\"Telefone: 212 049 420\" width=\"240\" height=\"208\" srcset=\"https:\/\/alvarovelho.net\/beaeav\/wp-content\/uploads\/2024\/01\/Localizacao-EB-N2-200x173.jpg 200w, https:\/\/alvarovelho.net\/beaeav\/wp-content\/uploads\/2024\/01\/Localizacao-EB-N2.jpg 291w\" sizes=\"auto, (max-width: 240px) 100vw, 240px\" \/><figcaption id=\"caption-attachment-1050\" class=\"wp-caption-text\">Telefone: 212 049 420<\/figcaption><\/figure>\r\n<p style=\"text-align: center;\"><strong>EB1\/JI dos Fidalguinhos<\/strong><\/p>\r\n<figure id=\"attachment_1044\" aria-describedby=\"caption-attachment-1044\" style=\"width: 285px\" class=\"wp-caption aligncenter\"><img loading=\"lazy\" decoding=\"async\" class=\"wp-image-1044\" src=\"https:\/\/alvarovelho.net\/beaeav\/wp-content\/uploads\/2024\/01\/EB-1-Fidalguinhos-200x89.jpg\" alt=\"R. Am\u00e9rico Marinho, Urbaniza\u00e7\u00e3o dos Fidalguinhos, 2835-312 Lavradio\" width=\"285\" height=\"127\" srcset=\"https:\/\/alvarovelho.net\/beaeav\/wp-content\/uploads\/2024\/01\/EB-1-Fidalguinhos-200x89.jpg 200w, https:\/\/alvarovelho.net\/beaeav\/wp-content\/uploads\/2024\/01\/EB-1-Fidalguinhos.jpg 336w\" sizes=\"auto, (max-width: 285px) 100vw, 285px\" \/><figcaption id=\"caption-attachment-1044\" class=\"wp-caption-text\">R. Am\u00e9rico Marinho, Urbaniza\u00e7\u00e3o dos Fidalguinhos, 2835-312 Lavradio<\/figcaption><\/figure>\r\n<p>&nbsp;<\/p>\r\n<figure id=\"attachment_1051\" aria-describedby=\"caption-attachment-1051\" style=\"width: 200px\" class=\"wp-caption aligncenter\"><img loading=\"lazy\" decoding=\"async\" class=\"wp-image-1051 size-medium\" src=\"https:\/\/alvarovelho.net\/beaeav\/wp-content\/uploads\/2024\/01\/Localizacao-Fidalguinhos-200x174.jpg\" alt=\"Telefone: 210 997 805\" width=\"200\" height=\"174\" srcset=\"https:\/\/alvarovelho.net\/beaeav\/wp-content\/uploads\/2024\/01\/Localizacao-Fidalguinhos-200x174.jpg 200w, https:\/\/alvarovelho.net\/beaeav\/wp-content\/uploads\/2024\/01\/Localizacao-Fidalguinhos.jpg 281w\" sizes=\"auto, (max-width: 200px) 100vw, 200px\" \/><figcaption id=\"caption-attachment-1051\" class=\"wp-caption-text\">Telefone: 210 997 805<\/figcaption><\/figure>\r\n<p>&nbsp;<\/p>\r\n<p>\r\n\r\n<\/p>\r\n<p class=\"has-drop-cap has-text-align-right has-large-font-size\">A equipa da biblioteca escolar \u00e9 constitu\u00edda pelos seguintes elementos:<\/p>\r\n\r\n\r\n\r\n<div class=\"wp-block-media-text alignwide is-stacked-on-mobile is-style-default\">\r\n<figure class=\"wp-block-media-text__media\"><img loading=\"lazy\" decoding=\"async\" width=\"528\" height=\"374\" class=\"wp-image-133 size-full\" src=\"https:\/\/alvarovelho.net\/beaeav\/wp-content\/uploads\/2021\/03\/Grupo-de-e-pessoas.png\" alt=\"\" srcset=\"https:\/\/alvarovelho.net\/beaeav\/wp-content\/uploads\/2021\/03\/Grupo-de-e-pessoas.png 528w, https:\/\/alvarovelho.net\/beaeav\/wp-content\/uploads\/2021\/03\/Grupo-de-e-pessoas-300x213.png 300w\" sizes=\"auto, (max-width: 528px) 100vw, 528px\" \/><\/figure>\r\n<div class=\"wp-block-media-text__content\">\r\n<ul id=\"block-622a983f-21ff-46fe-a41e-3ae4d47f7e4d\">\r\n<li>Coordenadora das bibliotecas escolares &#8211; Maria Margarida Encarna\u00e7\u00e3o, docente de Ci\u00eancias Naturais, do 2.\u00ba ciclo, grupo 230 ;<\/li>\r\n<li>Professora bibliotec\u00e1ria &#8211; Cristina Pires , docente do 1.\u00ba ciclo do grupo 110;<\/li>\r\n<li>Professora Maria Jos\u00e9 Ildefonso, docente de Educa\u00e7\u00e3o Visual do 3.\u00baciclo, grupo 600.<\/li>\r\n<\/ul>\r\n<\/div>\r\n<\/div>\r\n<p>&nbsp;<\/p>\r\n<p>&nbsp;<\/p>\r\n","protected":false},"excerpt":{"rendered":"<p>O Agrupamento de Escolas \u00c1lvaro Velho integra 4 escolas\/ 4 bibliotecas: EB 2,3 C de \u00c1lvaro Velho &#8211; Escola sede \u00a0 \u00a0 \u00a0EB 1\/JI N.\u00ba1 do Lavradio \u00a0\u00a0 \u00a0 \u00a0 \u00a0\u00a0 \u00a0 \u00a0 \u00a0 \u00a0 \u00a0 \u00a0 \u00a0 \u00a0 \u00a0 \u00a0 \u00a0 \u00a0 \u00a0 \u00a0 \u00a0 \u00a0 \u00a0 \u00a0 \u00a0<\/p>\n","protected":false},"author":1,"featured_media":0,"parent":0,"menu_order":0,"comment_status":"closed","ping_status":"closed","template":"","meta":{"footnotes":""},"class_list":["post-124","page","type-page","status-publish","hentry",""],"_links":{"self":[{"href":"https:\/\/alvarovelho.net\/beaeav\/wp-json\/wp\/v2\/pages\/124","targetHints":{"allow":["GET"]}}],"collection":[{"href":"https:\/\/alvarovelho.net\/beaeav\/wp-json\/wp\/v2\/pages"}],"about":[{"href":"https:\/\/alvarovelho.net\/beaeav\/wp-json\/wp\/v2\/types\/page"}],"author":[{"embeddable":true,"href":"https:\/\/alvarovelho.net\/beaeav\/wp-json\/wp\/v2\/users\/1"}],"replies":[{"embeddable":true,"href":"https:\/\/alvarovelho.net\/beaeav\/wp-json\/wp\/v2\/comments?post=124"}],"version-history":[{"count":21,"href":"https:\/\/alvarovelho.net\/beaeav\/wp-json\/wp\/v2\/pages\/124\/revisions"}],"predecessor-version":[{"id":815,"href":"https:\/\/alvarovelho.net\/beaeav\/wp-json\/wp\/v2\/pages\/124\/revisions\/815"}],"wp:attachment":[{"href":"https:\/\/alvarovelho.net\/beaeav\/wp-json\/wp\/v2\/media?parent=124"}],"curies":[{"name":"wp","href":"https:\/\/api.w.org\/{rel}","templated":true}]}}