{"id":220,"date":"2021-03-27T16:50:59","date_gmt":"2021-03-27T16:50:59","guid":{"rendered":"https:\/\/alvarovelho.net\/beaeav\/?page_id=220"},"modified":"2024-01-19T19:23:44","modified_gmt":"2024-01-19T19:23:44","slug":"sugestoes-de-leitura","status":"publish","type":"page","link":"https:\/\/alvarovelho.net\/beaeav\/sugestoes-de-leitura\/","title":{"rendered":"Sugest\u00f5es de leitura"},"content":{"rendered":"\r\n<p>&nbsp;<\/p>\r\n\r\n\r\n\r\n<div class=\"wp-block-media-text alignwide is-stacked-on-mobile\">\r\n<figure class=\"wp-block-media-text__media\"><img loading=\"lazy\" decoding=\"async\" class=\"wp-image-379 \" src=\"https:\/\/alvarovelho.net\/beaeav\/wp-content\/uploads\/2021\/04\/O-livro-da-terra-3.jpg\" alt=\"\" width=\"384\" height=\"356\" srcset=\"https:\/\/alvarovelho.net\/beaeav\/wp-content\/uploads\/2021\/04\/O-livro-da-terra-3.jpg 427w, https:\/\/alvarovelho.net\/beaeav\/wp-content\/uploads\/2021\/04\/O-livro-da-terra-3-300x278.jpg 300w\" sizes=\"auto, (max-width: 384px) 100vw, 384px\" \/><\/figure>\r\n<div class=\"wp-block-media-text__content\">\r\n<p class=\"has-large-font-size\"><strong>O livro da Terra<\/strong><\/p>\r\n\r\n\r\n\r\n<p><strong>Pr\u00e9-escolar<\/strong><\/p>\r\n\r\n\r\n\r\n<p>Porque \u00e9 importante cuidar do planeta Terra?<br \/>Com ilustra\u00e7\u00f5es coloridas e divertidas, Todd d\u00e1 dicas e mostra como \u00e9 f\u00e1cil ser amigo do ambiente e tratar com bondade o planeta em que vivemos para termos um futuro melhor.<\/p>\r\n\r\n\r\n\r\n<p>Um livro fundamental sobre a consci\u00eancia ambiental e o papel de cada um para salvar o mundo.<\/p>\r\n<\/div>\r\n<\/div>\r\n\r\n\r\n\r\n<h2 class=\"wp-block-heading\">Ler \u00e9 bom. Ler faz bem. L\u00ea.<\/h2>\r\n\r\n\r\n\r\n<div class=\"wp-block-image\">\r\n<figure class=\"aligncenter size-large is-resized\"><img loading=\"lazy\" decoding=\"async\" class=\"wp-image-225\" src=\"https:\/\/alvarovelho.net\/beaeav\/wp-content\/uploads\/2021\/03\/Livro-lobo.jpg\" alt=\"\" width=\"340\" height=\"432\" srcset=\"https:\/\/alvarovelho.net\/beaeav\/wp-content\/uploads\/2021\/03\/Livro-lobo.jpg 298w, https:\/\/alvarovelho.net\/beaeav\/wp-content\/uploads\/2021\/03\/Livro-lobo-236x300.jpg 236w\" sizes=\"auto, (max-width: 340px) 100vw, 340px\" \/><\/figure>\r\n<\/div>\r\n\r\n\r\n\r\n<p>Todos conhecem o lobo mau das hist\u00f3rias de encantar.<br \/>Come um capuchinho ao almo\u00e7o,<br \/>Tr\u00eas porquinhos ao lanche<br \/>e sete cabritinhos ao jantar.<br \/>E se ele n\u00e3o souber contar?<br \/>Nem sete, nem tr\u00eas, nem um!<br \/>Nem todos, nem nenhum<br \/>Ficar\u00e1 t\u00e3o baralhado que acaba em jejum?<\/p>\r\n\r\n\r\n\r\n<p>Como o nome indica, o personagem principal \u00e9 um lobo, que tinha grande avers\u00e3o \u00e0 Matem\u00e1tica e dificuldade em encontrar um bom jantar. Cheio de fome, vai-se cruzando com v\u00e1rias personagens (figuras-tipo das hist\u00f3rias tradicionais, como os 3 porquinhos, os 7 cabritinhos, capuchinho vermelho), mas a tarefa afigura-se complicada. Ser\u00e1 que vai conseguir comer alguma coisa?<\/p>\r\n\r\n\r\n\r\n<p>Para saberes mais, l\u00ea?<\/p>\r\n\r\n\r\n\r\n<p>&nbsp;<\/p>\r\n\r\n\r\n\r\n<div class=\"wp-block-media-text alignwide is-stacked-on-mobile\" style=\"grid-template-columns: 30% auto;\">\r\n<figure class=\"wp-block-media-text__media\"><img loading=\"lazy\" decoding=\"async\" width=\"298\" height=\"426\" class=\"wp-image-226 size-full\" src=\"https:\/\/alvarovelho.net\/beaeav\/wp-content\/uploads\/2021\/03\/Livro-boca-1.jpg\" alt=\"\" srcset=\"https:\/\/alvarovelho.net\/beaeav\/wp-content\/uploads\/2021\/03\/Livro-boca-1.jpg 298w, https:\/\/alvarovelho.net\/beaeav\/wp-content\/uploads\/2021\/03\/Livro-boca-1-210x300.jpg 210w\" sizes=\"auto, (max-width: 298px) 100vw, 298px\" \/><\/figure>\r\n<div class=\"wp-block-media-text__content\">\r\n<p class=\"has-large-font-size\">Eu vou ser o aroma da aurora, a medida das coisas justas, um segredo tranquilo. Eu vou ser um sonho de aventura, a promessa de festa e alegria, uma ideia corajosa.<br \/>O mundo que te rodeia est\u00e1 cheio de sonhos ao alcance da m\u00e3o. Estica o bra\u00e7o, n\u00e3o os deixes fugir. Imagina que tudo \u00e9 poss\u00edvel e ser\u00e1s o que quiseres.<br \/>Neste livro h\u00e1 16 personagens divididas em tr\u00eas, que se misturam entre si para dar 4096 combina\u00e7\u00f5es poss\u00edveis.<\/p>\r\n<\/div>\r\n<\/div>\r\n\r\n\r\n\r\n<div class=\"wp-block-group\">\r\n<div class=\"wp-block-group__inner-container is-layout-flow wp-block-group-is-layout-flow\">\r\n\r\n\r\n<figure class=\"wp-block-image size-large\"><img loading=\"lazy\" decoding=\"async\" class=\"wp-image-254\" src=\"https:\/\/alvarovelho.net\/beaeav\/wp-content\/uploads\/2021\/03\/Atlas.png\" alt=\"\" width=\"623\" height=\"354\" srcset=\"https:\/\/alvarovelho.net\/beaeav\/wp-content\/uploads\/2021\/03\/Atlas.png 886w, https:\/\/alvarovelho.net\/beaeav\/wp-content\/uploads\/2021\/03\/Atlas-300x170.png 300w, https:\/\/alvarovelho.net\/beaeav\/wp-content\/uploads\/2021\/03\/Atlas-768x436.png 768w\" sizes=\"auto, (max-width: 623px) 100vw, 623px\" \/><\/figure>\r\n\r\n\r\n\r\n<p>H\u00e1 poucos s\u00e9culos, n\u00e3o conhec\u00edamos os limites do planeta e muitas \u00e1reas do mundo continuavam isoladas, sem liga\u00e7\u00e3o umas com as outras. Desconhec\u00edamos n\u00e3o apenas as terras e as esp\u00e9cies que existiam noutras regi\u00f5es, mas tamb\u00e9m as outras pessoas e as suas culturas. Para sabermos o que era o mundo, tivemos de nos fazer ao caminho: de burro, de camelo, de barco ou a p\u00e9, sa\u00edmos de casa rumo ao desconhecido e regress\u00e1mos com as novidades espantosas de outros lugares. As viagens de monges, bot\u00e2nicos, comerciantes, marinheiros ou artistas deram contributos importantes para conhecermos melhor o planeta e sabermos da exist\u00eancia uns dos outros. Estes viajantes \u2014 de todos os tempos e lugares \u2014 s\u00e3o as personagens principais deste livro, onde n\u00e3o faltam mapas e muitas, muitas aventuras.\u201d<\/p>\r\n\r\n\r\n\r\n<p><strong>Uma sugest\u00e3o de Rita Pimenta<\/strong>, &#8220;Letra Pequena&#8221;. Saiba mais\u00a0<a href=\"http:\/\/blogues.publico.pt\/letrapequena\/2018\/08\/19\/imagine-se-um-mundo-sem-mapas\/\" target=\"_blank\" rel=\"noreferrer noopener\">aqui<\/a>.<\/p>\r\n\r\n\r\n\r\n<p>Rita Pimenta<\/p>\r\n\r\n\r\n\r\n<h2 class=\"wp-block-heading\">Plano Nacional de Leitura<\/h2>\r\n<\/div>\r\n<\/div>\r\n\r\n\r\n\r\n<figure class=\"wp-block-image size-large\"><img loading=\"lazy\" decoding=\"async\" class=\"wp-image-246\" src=\"https:\/\/alvarovelho.net\/beaeav\/wp-content\/uploads\/2021\/03\/ideias-de-leitura-e-escrita-1.png\" alt=\"\" width=\"506\" height=\"284\" srcset=\"https:\/\/alvarovelho.net\/beaeav\/wp-content\/uploads\/2021\/03\/ideias-de-leitura-e-escrita-1.png 567w, https:\/\/alvarovelho.net\/beaeav\/wp-content\/uploads\/2021\/03\/ideias-de-leitura-e-escrita-1-300x168.png 300w\" sizes=\"auto, (max-width: 506px) 100vw, 506px\" \/><\/figure>\r\n\r\n\r\n\r\n<p><strong>mar\u00e7o 2021<\/strong><\/p>\r\n\r\n\r\n\r\n<figure class=\"wp-block-image\"><img decoding=\"async\" src=\"https:\/\/www.pnl2027.gov.pt\/np4\/%7B$clientServletPath%7D\/?newsId=1071&amp;fileName=Ideias_de_leitura_mar_o_500p.png\" alt=\"Ideias de Leitura - fevereiro 2021\" \/><\/figure>\r\n\r\n\r\n\r\n<figure class=\"wp-block-image\"><img decoding=\"async\" src=\"https:\/\/www.pnl2027.gov.pt\/np4\/%7B$clientServletPath%7D\/?newsId=1071&amp;fileName=Ideias_de_escrita_mar_o_500p.png\" alt=\"Ideias de Escrita - mar\u00e7o 2021\" \/><\/figure>\r\n<p>&nbsp;<\/p>\r\n<h2>Est\u00e1 atento\/a \u00e0s novidades em cada biblioteca<\/h2>\r\n<h3>Escola sede:<\/h3>\r\n<p><img loading=\"lazy\" decoding=\"async\" class=\"wp-image-1103 alignleft\" src=\"https:\/\/alvarovelho.net\/beaeav\/wp-content\/uploads\/2024\/01\/Novidades-1-125x200.jpg\" alt=\"\" width=\"326\" height=\"521\" srcset=\"https:\/\/alvarovelho.net\/beaeav\/wp-content\/uploads\/2024\/01\/Novidades-1-125x200.jpg 125w, https:\/\/alvarovelho.net\/beaeav\/wp-content\/uploads\/2024\/01\/Novidades-1-400x640.jpg 400w, https:\/\/alvarovelho.net\/beaeav\/wp-content\/uploads\/2024\/01\/Novidades-1-768x1229.jpg 768w, https:\/\/alvarovelho.net\/beaeav\/wp-content\/uploads\/2024\/01\/Novidades-1-960x1536.jpg 960w, https:\/\/alvarovelho.net\/beaeav\/wp-content\/uploads\/2024\/01\/Novidades-1-1280x2048.jpg 1280w, https:\/\/alvarovelho.net\/beaeav\/wp-content\/uploads\/2024\/01\/Novidades-1-1170x1873.jpg 1170w, https:\/\/alvarovelho.net\/beaeav\/wp-content\/uploads\/2024\/01\/Novidades-1-scaled.jpg 1599w\" sizes=\"auto, (max-width: 326px) 100vw, 326px\" \/><\/p>\r\n<p>&nbsp;<\/p>\r\n<p>&nbsp;<\/p>\r\n<p>&nbsp;<\/p>\r\n<p>&nbsp;<\/p>\r\n<p><img loading=\"lazy\" decoding=\"async\" class=\" wp-image-1104 alignnone\" src=\"https:\/\/alvarovelho.net\/beaeav\/wp-content\/uploads\/2024\/01\/Novidades-2-200x65.jpg\" alt=\"\" width=\"283\" height=\"92\" srcset=\"https:\/\/alvarovelho.net\/beaeav\/wp-content\/uploads\/2024\/01\/Novidades-2-200x65.jpg 200w, https:\/\/alvarovelho.net\/beaeav\/wp-content\/uploads\/2024\/01\/Novidades-2-640x209.jpg 640w, https:\/\/alvarovelho.net\/beaeav\/wp-content\/uploads\/2024\/01\/Novidades-2-768x251.jpg 768w, https:\/\/alvarovelho.net\/beaeav\/wp-content\/uploads\/2024\/01\/Novidades-2-1536x503.jpg 1536w, https:\/\/alvarovelho.net\/beaeav\/wp-content\/uploads\/2024\/01\/Novidades-2-2048x670.jpg 2048w, https:\/\/alvarovelho.net\/beaeav\/wp-content\/uploads\/2024\/01\/Novidades-2-1170x383.jpg 1170w\" sizes=\"auto, (max-width: 283px) 100vw, 283px\" \/><\/p>\r\n<p>&nbsp;<\/p>\r\n<p>&nbsp;<\/p>\r\n<h3>Janeiro de 2024<\/h3>\r\n<h3>As aquisi\u00e7\u00f5es tiveram em conta os livros selecionados no \u00e2mbito do projeto Mi\u00fados a Votos , do Concurso Nacional de Leitura e as sugest\u00f5es apresentadas pelos alunos.<\/h3>\r\n<p>&nbsp;<\/p>\r\n<h4>Agradecimento \u00e0 Biblioteca Municipal do Barreiro e \u00e0 Porto Editora, que em momentos distintos ofereceram os livros \u00e0 biblioteca da escola sede.<\/h4>\r\n<p>&nbsp;<\/p>\r\n<h5><strong>Nota<\/strong>: A Biblioteca Municipal do Barreiro tamb\u00e9m ofereceu livros \u00e0s tr\u00eas bibliotecas das EB1\/JI do Agrupamento.<\/h5>\r\n<p>&nbsp;<\/p>\r\n<h2>Sobre a PAZ<\/h2>\r\n<p>&nbsp;<\/p>\r\n<p>Tema que deve ser refor\u00e7ado na escola , dialogando e refletindo com os alunos sobre as quest\u00f5es que provocam os conflitos, como resolv\u00ea-los, no sentido de promover a paz.<\/p>\r\n<p>&nbsp;<\/p>\r\n<p><img loading=\"lazy\" decoding=\"async\" class=\"alignnone  wp-image-1166\" src=\"https:\/\/alvarovelho.net\/beaeav\/wp-content\/uploads\/2024\/01\/La-longe-a-paz-150x200.jpg\" alt=\"\" width=\"239\" height=\"319\" srcset=\"https:\/\/alvarovelho.net\/beaeav\/wp-content\/uploads\/2024\/01\/La-longe-a-paz-150x200.jpg 150w, https:\/\/alvarovelho.net\/beaeav\/wp-content\/uploads\/2024\/01\/La-longe-a-paz-480x640.jpg 480w, https:\/\/alvarovelho.net\/beaeav\/wp-content\/uploads\/2024\/01\/La-longe-a-paz-768x1024.jpg 768w, https:\/\/alvarovelho.net\/beaeav\/wp-content\/uploads\/2024\/01\/La-longe-a-paz-1152x1536.jpg 1152w, https:\/\/alvarovelho.net\/beaeav\/wp-content\/uploads\/2024\/01\/La-longe-a-paz-1536x2048.jpg 1536w, https:\/\/alvarovelho.net\/beaeav\/wp-content\/uploads\/2024\/01\/La-longe-a-paz-1170x1560.jpg 1170w, https:\/\/alvarovelho.net\/beaeav\/wp-content\/uploads\/2024\/01\/La-longe-a-paz-scaled.jpg 1920w\" sizes=\"auto, (max-width: 239px) 100vw, 239px\" \/><img loading=\"lazy\" decoding=\"async\" class=\"alignnone  wp-image-1167\" src=\"https:\/\/alvarovelho.net\/beaeav\/wp-content\/uploads\/2024\/01\/O-paraiso-sao-os-outros-142x200.jpg\" alt=\"\" width=\"224\" height=\"315\" srcset=\"https:\/\/alvarovelho.net\/beaeav\/wp-content\/uploads\/2024\/01\/O-paraiso-sao-os-outros-142x200.jpg 142w, https:\/\/alvarovelho.net\/beaeav\/wp-content\/uploads\/2024\/01\/O-paraiso-sao-os-outros-455x640.jpg 455w, https:\/\/alvarovelho.net\/beaeav\/wp-content\/uploads\/2024\/01\/O-paraiso-sao-os-outros-768x1079.jpg 768w, https:\/\/alvarovelho.net\/beaeav\/wp-content\/uploads\/2024\/01\/O-paraiso-sao-os-outros-1093x1536.jpg 1093w, https:\/\/alvarovelho.net\/beaeav\/wp-content\/uploads\/2024\/01\/O-paraiso-sao-os-outros-1458x2048.jpg 1458w, https:\/\/alvarovelho.net\/beaeav\/wp-content\/uploads\/2024\/01\/O-paraiso-sao-os-outros-1170x1644.jpg 1170w, https:\/\/alvarovelho.net\/beaeav\/wp-content\/uploads\/2024\/01\/O-paraiso-sao-os-outros-scaled.jpg 1822w\" sizes=\"auto, (max-width: 224px) 100vw, 224px\" \/><\/p>\r\n<p>&nbsp;<\/p>\r\n<p>&nbsp;<\/p>\r\n","protected":false},"excerpt":{"rendered":"<p>&nbsp; O livro da Terra Pr\u00e9-escolar Porque \u00e9 importante cuidar do planeta Terra?Com ilustra\u00e7\u00f5es coloridas e divertidas, Todd d\u00e1 dicas e mostra como \u00e9 f\u00e1cil ser amigo do ambiente e tratar com bondade o planeta em que vivemos para termos um futuro melhor. Um livro fundamental sobre a consci\u00eancia ambiental<\/p>\n","protected":false},"author":1,"featured_media":0,"parent":0,"menu_order":0,"comment_status":"closed","ping_status":"closed","template":"","meta":{"footnotes":""},"class_list":["post-220","page","type-page","status-publish","hentry",""],"_links":{"self":[{"href":"https:\/\/alvarovelho.net\/beaeav\/wp-json\/wp\/v2\/pages\/220","targetHints":{"allow":["GET"]}}],"collection":[{"href":"https:\/\/alvarovelho.net\/beaeav\/wp-json\/wp\/v2\/pages"}],"about":[{"href":"https:\/\/alvarovelho.net\/beaeav\/wp-json\/wp\/v2\/types\/page"}],"author":[{"embeddable":true,"href":"https:\/\/alvarovelho.net\/beaeav\/wp-json\/wp\/v2\/users\/1"}],"replies":[{"embeddable":true,"href":"https:\/\/alvarovelho.net\/beaeav\/wp-json\/wp\/v2\/comments?post=220"}],"version-history":[{"count":22,"href":"https:\/\/alvarovelho.net\/beaeav\/wp-json\/wp\/v2\/pages\/220\/revisions"}],"predecessor-version":[{"id":1168,"href":"https:\/\/alvarovelho.net\/beaeav\/wp-json\/wp\/v2\/pages\/220\/revisions\/1168"}],"wp:attachment":[{"href":"https:\/\/alvarovelho.net\/beaeav\/wp-json\/wp\/v2\/media?parent=220"}],"curies":[{"name":"wp","href":"https:\/\/api.w.org\/{rel}","templated":true}]}}