{"id":335,"date":"2021-04-13T16:46:15","date_gmt":"2021-04-13T16:46:15","guid":{"rendered":"https:\/\/alvarovelho.net\/beaeav\/?page_id=335"},"modified":"2024-01-19T18:00:03","modified_gmt":"2024-01-19T18:00:03","slug":"projetos","status":"publish","type":"page","link":"https:\/\/alvarovelho.net\/beaeav\/projetos\/","title":{"rendered":"Projetos"},"content":{"rendered":"\r\n<div class=\"wp-block-media-text alignwide is-stacked-on-mobile\">\r\n<figure class=\"wp-block-media-text__media\"><img loading=\"lazy\" decoding=\"async\" width=\"659\" height=\"370\" class=\"wp-image-336 size-full\" src=\"https:\/\/alvarovelho.net\/beaeav\/wp-content\/uploads\/2021\/04\/Ler.jpg\" alt=\"\" srcset=\"https:\/\/alvarovelho.net\/beaeav\/wp-content\/uploads\/2021\/04\/Ler.jpg 659w, https:\/\/alvarovelho.net\/beaeav\/wp-content\/uploads\/2021\/04\/Ler-300x168.jpg 300w\" sizes=\"auto, (max-width: 659px) 100vw, 659px\" \/><\/figure>\r\n<div class=\"wp-block-media-text__content\">\r\n<p>Todas as atividades de\u00a0treino da leitura, mesmo na sala de aula e para crian\u00e7as sem potenciais dificuldades,\u00a0t\u00eam de ser sistem\u00e1ticas, frequentes, e a avalia\u00e7\u00e3o da consolida\u00e7\u00e3o de conhecimentos (e.g., da aprendizagem da associa\u00e7\u00e3o letra-som) deve ser feita com material diferente do usado durante o treino.<\/p>\r\n<p>Para ler mais, consultar&#8230;<\/p>\r\n<h6><a href=\"https:\/\/www.pnl2027.gov.pt\/np4\/plataforma_ler.html\">https:\/\/www.pnl2027.gov.pt\/np4\/plataforma_ler.html<\/a><\/h6>\r\n<\/div>\r\n<h2>No \u00e2mbito das atividades e projetos , podemos destacar as seguintes iniciativas:<\/h2>\r\n<p>&nbsp;<\/p>\r\n<p>MIBE &#8211; M\u00eas Internacional das Bibliotecas Escolares<\/p>\r\n<p>MAV &#8211; Mi\u00fados a Votos<\/p>\r\n<p>CLC &#8211; Concurso de leitura concelhio<\/p>\r\n<p>Escola a ler<\/p>\r\n<p>Top Leitores<\/p>\r\n<p>Palavra da semana<\/p>\r\n<p>ABC Ler &#8211; Lere recuperar<\/p>\r\n<p>Leitura a par<\/p>\r\n<p>Feira do livro que j\u00e1 li<\/p>\r\n<p>Hora do conto\/ Educa\u00e7\u00e3o liter\u00e1ria<\/p>\r\n<p>CINANIMA vai \u00e0s escolas- Festival de cinema de anima\u00e7\u00e3o\u00a0 de Espinho\u00a0<\/p>\r\n<\/div>\r\n<p>Ano letivo 2023\/2024<\/p>\r\n<div class=\"wp-block-media-text alignwide is-stacked-on-mobile\">\r\n<p>&nbsp;<\/p>\r\n<p>&nbsp;<\/p>\r\n<p>&nbsp;<\/p>\r\n<\/div>\r\n","protected":false},"excerpt":{"rendered":"<p>Todas as atividades de\u00a0treino da leitura, mesmo na sala de aula e para crian\u00e7as sem potenciais dificuldades,\u00a0t\u00eam de ser sistem\u00e1ticas, frequentes, e a avalia\u00e7\u00e3o da consolida\u00e7\u00e3o de conhecimentos (e.g., da aprendizagem da associa\u00e7\u00e3o letra-som) deve ser feita com material diferente do usado durante o treino. Para ler mais, consultar&#8230; https:\/\/www.pnl2027.gov.pt\/np4\/plataforma_ler.html<\/p>\n","protected":false},"author":1,"featured_media":0,"parent":0,"menu_order":0,"comment_status":"closed","ping_status":"closed","template":"","meta":{"footnotes":""},"class_list":["post-335","page","type-page","status-publish","hentry",""],"_links":{"self":[{"href":"https:\/\/alvarovelho.net\/beaeav\/wp-json\/wp\/v2\/pages\/335","targetHints":{"allow":["GET"]}}],"collection":[{"href":"https:\/\/alvarovelho.net\/beaeav\/wp-json\/wp\/v2\/pages"}],"about":[{"href":"https:\/\/alvarovelho.net\/beaeav\/wp-json\/wp\/v2\/types\/page"}],"author":[{"embeddable":true,"href":"https:\/\/alvarovelho.net\/beaeav\/wp-json\/wp\/v2\/users\/1"}],"replies":[{"embeddable":true,"href":"https:\/\/alvarovelho.net\/beaeav\/wp-json\/wp\/v2\/comments?post=335"}],"version-history":[{"count":9,"href":"https:\/\/alvarovelho.net\/beaeav\/wp-json\/wp\/v2\/pages\/335\/revisions"}],"predecessor-version":[{"id":1148,"href":"https:\/\/alvarovelho.net\/beaeav\/wp-json\/wp\/v2\/pages\/335\/revisions\/1148"}],"wp:attachment":[{"href":"https:\/\/alvarovelho.net\/beaeav\/wp-json\/wp\/v2\/media?parent=335"}],"curies":[{"name":"wp","href":"https:\/\/api.w.org\/{rel}","templated":true}]}}