{"id":59,"date":"2021-03-08T11:26:02","date_gmt":"2021-03-08T11:26:02","guid":{"rendered":"https:\/\/alvarovelho.net\/beaeav\/?page_id=59"},"modified":"2024-01-18T22:36:50","modified_gmt":"2024-01-18T22:36:50","slug":"documentos-orientadores","status":"publish","type":"page","link":"https:\/\/alvarovelho.net\/beaeav\/documentos-orientadores\/","title":{"rendered":"Documentos Orientadores"},"content":{"rendered":"\r\n<div class=\"wp-block-columns is-layout-flex wp-container-core-columns-is-layout-9d6595d7 wp-block-columns-is-layout-flex\">\r\n<div class=\"wp-block-column is-layout-flow wp-block-column-is-layout-flow\" style=\"flex-basis: 100%;\">\r\n<h1>da RBE<\/h1>\r\n<p>&nbsp;<\/p>\r\n<p class=\"has-drop-cap has-text-align-left\"><strong>APRENDER COM<br \/>A BIBLIOTECA ESCOLAR<\/strong><br \/>Referencial de aprendizagens associadas<br \/>ao trabalho das bibliotecas escolares na educa\u00e7\u00e3o<br \/>pr\u00e9-escolar e nos ensinos b\u00e1sico e secund\u00e1rio<br \/><span class=\"has-inline-color has-dark-gray-color\">2.\u00aa edi\u00e7\u00e3o, revista e aumentada<\/span><\/p>\r\n<\/div>\r\n<\/div>\r\n\r\n\r\n\r\n<div class=\"wp-block-group\">\r\n<div class=\"wp-block-group__inner-container is-layout-flow wp-block-group-is-layout-flow\">\r\n<div class=\"wp-block-image is-style-default\">\r\n<figure class=\"aligncenter size-large is-resized\"><img loading=\"lazy\" decoding=\"async\" class=\"wp-image-83\" src=\"https:\/\/alvarovelho.net\/beaeav\/wp-content\/uploads\/2021\/03\/Foto-Aprender-com-a-biblioteca-escolar.png\" alt=\"\" width=\"273\" height=\"393\" srcset=\"https:\/\/alvarovelho.net\/beaeav\/wp-content\/uploads\/2021\/03\/Foto-Aprender-com-a-biblioteca-escolar.png 567w, https:\/\/alvarovelho.net\/beaeav\/wp-content\/uploads\/2021\/03\/Foto-Aprender-com-a-biblioteca-escolar-208x300.png 208w\" sizes=\"auto, (max-width: 273px) 100vw, 273px\" \/>\r\n<figcaption>COORDENA\u00c7\u00c3O<br \/>Elsa Conde<br \/>Isabel Mendinhos<br \/>Paula Correia<br \/><a href=\"https:\/\/www.rbe.mec.pt\/np4\/np4\/?newsId=1906&amp;fileName=referencial_2017.pdf\">https:\/\/www.rbe.mec.pt\/np4\/np4\/?newsId=1906&amp;fileName=referencial_2017.pdf<\/a><\/figcaption>\r\n<\/figure>\r\n<\/div>\r\n<\/div>\r\n<\/div>\r\n\r\n\r\n\r\n<h1 class=\"has-text-align-center wp-block-heading\">Biblioteca escolar digital<\/h1>\r\n\r\n\r\n\r\n<div class=\"wp-block-media-text alignwide is-stacked-on-mobile\" style=\"grid-template-columns: 33% auto;\">\r\n<figure class=\"wp-block-media-text__media\"><img loading=\"lazy\" decoding=\"async\" width=\"196\" height=\"196\" class=\"wp-image-656 size-full\" src=\"https:\/\/alvarovelho.net\/beaeav\/wp-content\/uploads\/2021\/06\/BE-digital.png\" alt=\"\" srcset=\"https:\/\/alvarovelho.net\/beaeav\/wp-content\/uploads\/2021\/06\/BE-digital.png 196w, https:\/\/alvarovelho.net\/beaeav\/wp-content\/uploads\/2021\/06\/BE-digital-150x150.png 150w\" sizes=\"auto, (max-width: 196px) 100vw, 196px\" \/><\/figure>\r\n<div class=\"wp-block-media-text__content\">\r\n<p>A 13 de mar\u00e7o de 2020 anunciou-se a suspens\u00e3o das aulas presenciais como forma de conten\u00e7\u00e3o da pandemia de Covid-19.<\/p>\r\n\r\n\r\n\r\n<p>Consciente do papel decisivo das tecnologias digitais e de trabalho a dist\u00e2ncia, fundamental durante esse per\u00edodo de confinamento, a Rede de Bibliotecas Escolares sugeriu, de imediato, \u00e0s bibliotecas que aperfei\u00e7oassem a sua presen\u00e7a em linha, tornando-a o mais estruturada e eficaz poss\u00edvel.<\/p>\r\n\r\n\r\n\r\n<p>A biblioteca escolar deve recentrar e projetar o seu servi\u00e7o e as suas atividades em fun\u00e7\u00e3o dos novos contextos, pelo que a RBE recomendou \u00e0s bibliotecas que procurassem responder \u00e0s atuais exig\u00eancias dos seus utilizadores, redirecionando a sua a\u00e7\u00e3o para a cria\u00e7\u00e3o de servi\u00e7os capazes de apoiar as novas formas de trabalho. Para sustentar essa resposta, foi publicado, a 23\/03\/2020, o documento<\/p>\r\n\r\n\r\n\r\n<p>\u00a0<a href=\"https:\/\/www.digital-rbe.pt\/\">https:\/\/www.digital-rbe.pt\/<\/a><\/p>\r\n<\/div>\r\n<\/div>\r\n\r\n\r\n\r\n<h1 class=\"wp-block-heading\">MILD &#8211; Manual de instru\u00e7\u00f5es para a literacia digital<\/h1>\r\n\r\n\r\n\r\n<div class=\"wp-block-image\">\r\n<figure class=\"aligncenter size-large\"><img loading=\"lazy\" decoding=\"async\" width=\"640\" height=\"213\" class=\"wp-image-669\" src=\"https:\/\/alvarovelho.net\/beaeav\/wp-content\/uploads\/2021\/06\/Mild-640x213.png\" alt=\"\" srcset=\"https:\/\/alvarovelho.net\/beaeav\/wp-content\/uploads\/2021\/06\/Mild-640x213.png 640w, https:\/\/alvarovelho.net\/beaeav\/wp-content\/uploads\/2021\/06\/Mild-200x67.png 200w, https:\/\/alvarovelho.net\/beaeav\/wp-content\/uploads\/2021\/06\/Mild.png 709w\" sizes=\"auto, (max-width: 640px) 100vw, 640px\" \/>\r\n<figcaption><a href=\"https:\/\/mild.rbe.mec.pt\/\">https:\/\/mild.rbe.mec.pt\/<\/a><\/figcaption>\r\n<\/figure>\r\n<\/div>\r\n\r\n\r\n\r\n<ul class=\"wp-block-list\">\r\n<li>Ler e escrever na rede.<\/li>\r\n<li>Literatura digital.<\/li>\r\n<li>Saber fazer na rede.<\/li>\r\n<li>Leitura dos media.<\/li>\r\n<li>Redes sociais.<\/li>\r\n<li>Imagem e cultura visual.<\/li>\r\n<li>Ser cidad\u00e3o digital.<\/li>\r\n<li>\u00c9tica e responsabilidade<\/li>\r\n<\/ul>\r\n\r\n\r\n\r\n<h1 class=\"has-text-align-center wp-block-heading\">Orienta\u00e7\u00f5es para a recupera\u00e7\u00e3o e consolida\u00e7\u00e3o das aprendizagens<\/h1>\r\n\r\n\r\n\r\n<div class=\"wp-block-image\">\r\n<figure class=\"aligncenter size-large is-resized\"><img loading=\"lazy\" decoding=\"async\" class=\"wp-image-674\" src=\"https:\/\/alvarovelho.net\/beaeav\/wp-content\/uploads\/2021\/06\/aprndizagens-essenciais-1.jpg\" alt=\"\" width=\"239\" height=\"343\" srcset=\"https:\/\/alvarovelho.net\/beaeav\/wp-content\/uploads\/2021\/06\/aprndizagens-essenciais-1.jpg 186w, https:\/\/alvarovelho.net\/beaeav\/wp-content\/uploads\/2021\/06\/aprndizagens-essenciais-1-139x200.jpg 139w\" sizes=\"auto, (max-width: 239px) 100vw, 239px\" \/><\/figure>\r\n<\/div>\r\n\r\n\r\n\r\n<p class=\"has-text-align-center\"><a href=\"https:\/\/rbe.mec.pt\/np4\/2605.html\">https:\/\/rbe.mec.pt\/np4\/2605.html<\/a><\/p>\r\n\r\n\r\n\r\n<blockquote class=\"wp-block-quote is-layout-flow wp-block-quote-is-layout-flow\">\r\n<p><strong>4.3. Biblioteca Escolar<\/strong><br \/>Enquanto espa\u00e7os agregadores de conhecimentos e recursos diversificados, as bibliotecas escolares apresentam-se como estruturas implicadas nas pr\u00e1ticas educativas, no suporte \u00e0s aprendizagens, no apoio ao curr\u00edculo, no desenvolvimento da literacia digital, da informa\u00e7\u00e3o e dos media, na forma\u00e7\u00e3o de leitores cr\u00edticos e na constru\u00e7\u00e3o da cidadania. Deste modo, o seu papel na capacita\u00e7\u00e3o das crian\u00e7as e jovens que as utilizam, formal ou informalmente, revela-se cada vez mais decisivo.<\/p>\r\n<\/blockquote>\r\n\r\n\r\n\r\n<p>Da p\u00e1gina 41 \u00e0 43.<\/p>\r\n\r\n\r\n\r\n<div class=\"wp-block-media-text alignwide is-stacked-on-mobile\" style=\"grid-template-columns: 19% auto;\">\r\n<figure class=\"wp-block-media-text__media\"><a href=\"https:\/\/mild.rbe.mec.pt\/\"><img loading=\"lazy\" decoding=\"async\" class=\"wp-image-119 \" src=\"https:\/\/alvarovelho.net\/beaeav\/wp-content\/uploads\/2021\/03\/Roteiro-para-uso-da-BE.png\" alt=\"\" width=\"489\" height=\"705\" srcset=\"https:\/\/alvarovelho.net\/beaeav\/wp-content\/uploads\/2021\/03\/Roteiro-para-uso-da-BE.png 567w, https:\/\/alvarovelho.net\/beaeav\/wp-content\/uploads\/2021\/03\/Roteiro-para-uso-da-BE-208x300.png 208w\" sizes=\"auto, (max-width: 489px) 100vw, 489px\" \/><\/a><\/figure>\r\n<div class=\"wp-block-media-text__content\">\r\n<h1 class=\"has-text-align-center wp-block-heading\">Roteiro para o uso da biblioteca escolar<\/h1>\r\n\r\n\r\n\r\n<p style=\"font-size: 19px;\">Com este documento, a RBE pretende apoiar os professores bibliotec\u00e1rios na organiza\u00e7\u00e3o, gest\u00e3o e dinamiza\u00e7\u00e3o das bibliotecas escolares nas escolas do primeiro ciclo e nos jardins-de-inf\u00e2ncia, convocando os docentes para uma melhor apropria\u00e7\u00e3o desta estrutura, atrav\u00e9s da apresenta\u00e7\u00e3o de propostas facilitadoras da utiliza\u00e7\u00e3o da BE por todos. Apresenta-se como um instrumento de operacionaliza\u00e7\u00e3o de trabalho colaborativo entre o professor bibliotec\u00e1rio e os docentes, visando apoiar o desenvolvimento de um conjunto de compet\u00eancias gerais e transversais \u00e0s diferentes \u00e1reas curriculares e conte\u00fados program\u00e1ticos, em contextos diversificados, promovendo a biblioteca escolar como um ambiente de aprendizagem transdisciplinar e din\u00e2mico.<\/p>\r\n\r\n\r\n\r\n<p style=\"font-size: 19px;\"><a href=\"https:\/\/rbe.mec.pt\/np4\/2156.html#1\" target=\"_blank\" rel=\"noreferrer noopener\">https:\/\/rbe.mec.pt\/np4\/2156.html#1<\/a><\/p>\r\n<\/div>\r\n<\/div>\r\n\r\n\r\n\r\n<div class=\"wp-block-media-text alignfull is-stacked-on-mobile is-vertically-aligned-center is-style-default\" style=\"grid-template-columns: 17% auto;\">\r\n<figure class=\"wp-block-media-text__media\"><img loading=\"lazy\" decoding=\"async\" class=\"wp-image-135 \" src=\"https:\/\/alvarovelho.net\/beaeav\/wp-content\/uploads\/2021\/03\/Biblioteca-ativa.png\" alt=\"\" width=\"538\" height=\"775\" srcset=\"https:\/\/alvarovelho.net\/beaeav\/wp-content\/uploads\/2021\/03\/Biblioteca-ativa.png 567w, https:\/\/alvarovelho.net\/beaeav\/wp-content\/uploads\/2021\/03\/Biblioteca-ativa-208x300.png 208w\" sizes=\"auto, (max-width: 538px) 100vw, 538px\" \/><\/figure>\r\n<div class=\"wp-block-media-text__content\">\r\n<blockquote class=\"wp-block-quote is-style-default is-layout-flow wp-block-quote-is-layout-flow\">\r\n<p>A prop\u00f3sito do Dia Internacional dos Direitos Humanos que se celebra a 10 de dezembro, lan\u00e7amos mais um n\u00famero da\u00a0<a href=\"https:\/\/www.rbe.mec.pt\/np4\/789.html\">Biblioteca ativa<\/a>\u00a0com a publica\u00e7\u00e3o de\u00a0<em>Leitura, Liberdade e Direitos Humanos\u00a0<\/em>e de um cartaz com personalidades ligadas a esta tem\u00e1tica.&#8221;<\/p>\r\n<cite><a href=\"https:\/\/www.rbe.mec.pt\/np4\/1871.html\">https:\/\/www.rbe.mec.pt\/np4\/1871.html<\/a><\/cite><\/blockquote>\r\n\r\n\r\n\r\n<p><img loading=\"lazy\" decoding=\"async\" width=\"172\" height=\"588\" class=\"wp-image-144\" src=\"https:\/\/alvarovelho.net\/beaeav\/wp-content\/uploads\/2021\/03\/Dia-Interbnacional-dos-direitos-humanos-2.png\" alt=\"\" data-id=\"144\" data-full-url=\"https:\/\/alvarovelho.net\/beaeav\/wp-content\/uploads\/2021\/03\/Dia-Interbnacional-dos-direitos-humanos-2.png\" data-link=\"https:\/\/alvarovelho.net\/beaeav\/documentos-orientadores\/dia-interbnacional-dos-direitos-humanos-2\/\" srcset=\"https:\/\/alvarovelho.net\/beaeav\/wp-content\/uploads\/2021\/03\/Dia-Interbnacional-dos-direitos-humanos-2.png 172w, https:\/\/alvarovelho.net\/beaeav\/wp-content\/uploads\/2021\/03\/Dia-Interbnacional-dos-direitos-humanos-2-88x300.png 88w\" sizes=\"auto, (max-width: 172px) 100vw, 172px\" \/><\/p>\r\n<\/div>\r\n<\/div>\r\n<h1>Documentos Orientadores do Agrupamento<\/h1>\r\n<h4>Plano Anual de Atividades\u00a0 &#8211;\u00a0<a href=\"https:\/\/alvarovelho.net\/beaeav\/wp-content\/uploads\/2024\/01\/PAAtividadesAEAV_2023_2024-de11dezembro.xlsx\">PAAtividadesAEAV_2023_2024<\/a><\/h4>\r\n<p>&nbsp;<\/p>\r\n<h4>Regimento das Bibliotecas &#8211; \u00a0<a href=\"https:\/\/alvarovelho.net\/beaeav\/wp-content\/uploads\/2024\/01\/Regimento-das-Bibliotecas-Escolares-22-26.docx\">Regimento das Bibliotecas Escolares 22-26<\/a><\/h4>\r\n<p>&nbsp;<\/p>\r\n","protected":false},"excerpt":{"rendered":"<p>da RBE &nbsp; APRENDER COMA BIBLIOTECA ESCOLARReferencial de aprendizagens associadasao trabalho das bibliotecas escolares na educa\u00e7\u00e3opr\u00e9-escolar e nos ensinos b\u00e1sico e secund\u00e1rio2.\u00aa edi\u00e7\u00e3o, revista e aumentada Biblioteca escolar digital A 13 de mar\u00e7o de 2020 anunciou-se a suspens\u00e3o das aulas presenciais como forma de conten\u00e7\u00e3o da pandemia de Covid-19. Consciente<\/p>\n","protected":false},"author":1,"featured_media":0,"parent":0,"menu_order":0,"comment_status":"closed","ping_status":"closed","template":"","meta":{"footnotes":""},"class_list":["post-59","page","type-page","status-publish","hentry",""],"_links":{"self":[{"href":"https:\/\/alvarovelho.net\/beaeav\/wp-json\/wp\/v2\/pages\/59","targetHints":{"allow":["GET"]}}],"collection":[{"href":"https:\/\/alvarovelho.net\/beaeav\/wp-json\/wp\/v2\/pages"}],"about":[{"href":"https:\/\/alvarovelho.net\/beaeav\/wp-json\/wp\/v2\/types\/page"}],"author":[{"embeddable":true,"href":"https:\/\/alvarovelho.net\/beaeav\/wp-json\/wp\/v2\/users\/1"}],"replies":[{"embeddable":true,"href":"https:\/\/alvarovelho.net\/beaeav\/wp-json\/wp\/v2\/comments?post=59"}],"version-history":[{"count":28,"href":"https:\/\/alvarovelho.net\/beaeav\/wp-json\/wp\/v2\/pages\/59\/revisions"}],"predecessor-version":[{"id":1098,"href":"https:\/\/alvarovelho.net\/beaeav\/wp-json\/wp\/v2\/pages\/59\/revisions\/1098"}],"wp:attachment":[{"href":"https:\/\/alvarovelho.net\/beaeav\/wp-json\/wp\/v2\/media?parent=59"}],"curies":[{"name":"wp","href":"https:\/\/api.w.org\/{rel}","templated":true}]}}